{"id":373,"date":"2022-07-14T15:07:48","date_gmt":"2022-07-14T13:07:48","guid":{"rendered":"https:\/\/www.ceir.com\/?page_id=373"},"modified":"2024-01-30T12:21:34","modified_gmt":"2024-01-30T11:21:34","slug":"chi-siamo","status":"publish","type":"page","link":"https:\/\/www.ceir.com\/it\/chi-siamo\/","title":{"rendered":"Chi siamo"},"content":{"rendered":"<p>Da oltre 50 anni CEIR offre ad architetti e designer di tutto il mondo <strong>sistemi di controsoffittattura di alto valore qualitativo<\/strong> in termini di stile, funzionalit\u00e0, sicurezza e durabilit\u00e0, a prezzi competitivi.<\/p>\n<p>Tutte le nostre soluzioni sono progettate e prodotte in Italia, vengono realizzate con materiali di altissima qualit\u00e0 e lavorate attraverso le pi\u00f9 moderne tecnologie produttive oggi disponibili.<\/p>\n<p>I controsoffitti aperti CEIR esaltano il design degli ambienti, ottimizzano l\u2019illuminazione ambientale e il comfort acustico, garantiscono massima flessibilit\u00e0 progettuale in ogni contesto architettonico, dai grandi spazi pubblici alle aree commerciali, dagli uffici ai luoghi dedicati alla cultura e all\u2019arte.<\/p>\n<p>Ma il vero valore aggiunto di CEIR sono le persone e le idee: mettiamo a tua disposizione tutto l&#8217;entusiasmo, la creativit\u00e0 e il know-how del nostro team perch\u00e9 crediamo nel tuo progetto e vogliamo aiutarti a trasformare la tua visione in realt\u00e0.<\/p>\n<p>&nbsp;<\/p>\n<p><em><strong>Investiamo nella tecnologia e nelle persone, diamo valore alle relazioni e alla gratitudine. Scopri di pi\u00f9 sul mondo CEIR nel nostro<\/strong> <strong>Manifesto<\/strong>.<\/em><\/p>\n","protected":false},"excerpt":{"rendered":"<p>Da oltre 50 anni CEIR offre ad architetti e designer di tutto il mondo sistemi di controsoffittattura di alto valore qualitativo in termini di stile, funzionalit\u00e0, sicurezza e durabilit\u00e0, a prezzi competitivi. Tutte le nostre soluzioni sono progettate e prodotte in Italia, vengono realizzate con materiali di altissima qualit\u00e0 e lavorate attraverso le pi\u00f9 moderne [&hellip;]<\/p>\n","protected":false},"author":1,"featured_media":1043,"parent":0,"menu_order":0,"comment_status":"closed","ping_status":"closed","template":"page-about.php","meta":{"inline_featured_image":false},"acf":[],"yoast_head":"<!-- This site is optimized with the Yoast SEO Premium plugin v18.6 (Yoast SEO v20.4) - https:\/\/yoast.com\/wordpress\/plugins\/seo\/ -->\n<title>Azienda specializzata in controsoffitti a celle aperte - CEIR - Ceir<\/title>\n<meta name=\"description\" content=\"Da oltre 50 anni Ceir \u00e8 un&#039;azienda specializzata in controsoffitti a celle aperte funzionali, durevoli, sicuri e di design.\" \/>\n<meta name=\"robots\" content=\"index, follow, max-snippet:-1, max-image-preview:large, max-video-preview:-1\" \/>\n<link rel=\"canonical\" href=\"https:\/\/www.ceir.com\/it\/chi-siamo\/\" \/>\n<meta property=\"og:locale\" content=\"it_IT\" \/>\n<meta property=\"og:type\" content=\"article\" \/>\n<meta property=\"og:title\" content=\"Chi siamo\" \/>\n<meta property=\"og:description\" content=\"Da oltre 50 anni Ceir \u00e8 un&#039;azienda specializzata in controsoffitti a celle aperte funzionali, durevoli, sicuri e di design.\" \/>\n<meta property=\"og:url\" content=\"https:\/\/www.ceir.com\/it\/chi-siamo\/\" \/>\n<meta property=\"og:site_name\" content=\"Ceir\" \/>\n<meta property=\"article:modified_time\" content=\"2024-01-30T11:21:34+00:00\" \/>\n<meta property=\"og:image\" content=\"https:\/\/www.ceir.com\/wp-content\/uploads\/2022\/09\/vario.12tetrallinejpg-scaled.jpg\" \/>\n\t<meta property=\"og:image:width\" content=\"2560\" \/>\n\t<meta property=\"og:image:height\" content=\"2057\" \/>\n\t<meta property=\"og:image:type\" content=\"image\/jpeg\" \/>\n<meta name=\"twitter:card\" content=\"summary_large_image\" \/>\n<meta name=\"twitter:label1\" content=\"Tempo di lettura stimato\" \/>\n\t<meta name=\"twitter:data1\" content=\"1 minuto\" \/>\n<script type=\"application\/ld+json\" class=\"yoast-schema-graph\">{\"@context\":\"https:\/\/schema.org\",\"@graph\":[{\"@type\":\"WebPage\",\"@id\":\"https:\/\/www.ceir.com\/it\/chi-siamo\/\",\"url\":\"https:\/\/www.ceir.com\/it\/chi-siamo\/\",\"name\":\"Azienda specializzata in controsoffitti a celle aperte - CEIR - Ceir\",\"isPartOf\":{\"@id\":\"https:\/\/www.ceir.com\/it\/#website\"},\"datePublished\":\"2022-07-14T13:07:48+00:00\",\"dateModified\":\"2024-01-30T11:21:34+00:00\",\"description\":\"Da oltre 50 anni Ceir \u00e8 un'azienda specializzata in controsoffitti a celle aperte funzionali, durevoli, sicuri e di design.\",\"breadcrumb\":{\"@id\":\"https:\/\/www.ceir.com\/it\/chi-siamo\/#breadcrumb\"},\"inLanguage\":\"it-IT\",\"potentialAction\":[{\"@type\":\"ReadAction\",\"target\":[\"https:\/\/www.ceir.com\/it\/chi-siamo\/\"]}]},{\"@type\":\"BreadcrumbList\",\"@id\":\"https:\/\/www.ceir.com\/it\/chi-siamo\/#breadcrumb\",\"itemListElement\":[{\"@type\":\"ListItem\",\"position\":1,\"name\":\"Home\",\"item\":\"https:\/\/www.ceir.com\/it\/\"},{\"@type\":\"ListItem\",\"position\":2,\"name\":\"Chi siamo\"}]},{\"@type\":\"WebSite\",\"@id\":\"https:\/\/www.ceir.com\/it\/#website\",\"url\":\"https:\/\/www.ceir.com\/it\/\",\"name\":\"Ceir\",\"description\":\"\",\"potentialAction\":[{\"@type\":\"SearchAction\",\"target\":{\"@type\":\"EntryPoint\",\"urlTemplate\":\"https:\/\/www.ceir.com\/it\/?s={search_term_string}\"},\"query-input\":\"required name=search_term_string\"}],\"inLanguage\":\"it-IT\"}]}<\/script>\n<!-- \/ Yoast SEO Premium plugin. -->","yoast_head_json":{"title":"Azienda specializzata in controsoffitti a celle aperte - CEIR - Ceir","description":"Da oltre 50 anni Ceir \u00e8 un'azienda specializzata in controsoffitti a celle aperte funzionali, durevoli, sicuri e di design.","robots":{"index":"index","follow":"follow","max-snippet":"max-snippet:-1","max-image-preview":"max-image-preview:large","max-video-preview":"max-video-preview:-1"},"canonical":"https:\/\/www.ceir.com\/it\/chi-siamo\/","og_locale":"it_IT","og_type":"article","og_title":"Chi siamo","og_description":"Da oltre 50 anni Ceir \u00e8 un'azienda specializzata in controsoffitti a celle aperte funzionali, durevoli, sicuri e di design.","og_url":"https:\/\/www.ceir.com\/it\/chi-siamo\/","og_site_name":"Ceir","article_modified_time":"2024-01-30T11:21:34+00:00","og_image":[{"width":2560,"height":2057,"url":"https:\/\/www.ceir.com\/wp-content\/uploads\/2022\/09\/vario.12tetrallinejpg-scaled.jpg","type":"image\/jpeg"}],"twitter_card":"summary_large_image","twitter_misc":{"Tempo di lettura stimato":"1 minuto"},"schema":{"@context":"https:\/\/schema.org","@graph":[{"@type":"WebPage","@id":"https:\/\/www.ceir.com\/it\/chi-siamo\/","url":"https:\/\/www.ceir.com\/it\/chi-siamo\/","name":"Azienda specializzata in controsoffitti a celle aperte - CEIR - Ceir","isPartOf":{"@id":"https:\/\/www.ceir.com\/it\/#website"},"datePublished":"2022-07-14T13:07:48+00:00","dateModified":"2024-01-30T11:21:34+00:00","description":"Da oltre 50 anni Ceir \u00e8 un'azienda specializzata in controsoffitti a celle aperte funzionali, durevoli, sicuri e di design.","breadcrumb":{"@id":"https:\/\/www.ceir.com\/it\/chi-siamo\/#breadcrumb"},"inLanguage":"it-IT","potentialAction":[{"@type":"ReadAction","target":["https:\/\/www.ceir.com\/it\/chi-siamo\/"]}]},{"@type":"BreadcrumbList","@id":"https:\/\/www.ceir.com\/it\/chi-siamo\/#breadcrumb","itemListElement":[{"@type":"ListItem","position":1,"name":"Home","item":"https:\/\/www.ceir.com\/it\/"},{"@type":"ListItem","position":2,"name":"Chi siamo"}]},{"@type":"WebSite","@id":"https:\/\/www.ceir.com\/it\/#website","url":"https:\/\/www.ceir.com\/it\/","name":"Ceir","description":"","potentialAction":[{"@type":"SearchAction","target":{"@type":"EntryPoint","urlTemplate":"https:\/\/www.ceir.com\/it\/?s={search_term_string}"},"query-input":"required name=search_term_string"}],"inLanguage":"it-IT"}]}},"_links":{"self":[{"href":"https:\/\/www.ceir.com\/it\/wp-json\/wp\/v2\/pages\/373"}],"collection":[{"href":"https:\/\/www.ceir.com\/it\/wp-json\/wp\/v2\/pages"}],"about":[{"href":"https:\/\/www.ceir.com\/it\/wp-json\/wp\/v2\/types\/page"}],"author":[{"embeddable":true,"href":"https:\/\/www.ceir.com\/it\/wp-json\/wp\/v2\/users\/1"}],"replies":[{"embeddable":true,"href":"https:\/\/www.ceir.com\/it\/wp-json\/wp\/v2\/comments?post=373"}],"version-history":[{"count":25,"href":"https:\/\/www.ceir.com\/it\/wp-json\/wp\/v2\/pages\/373\/revisions"}],"predecessor-version":[{"id":4657,"href":"https:\/\/www.ceir.com\/it\/wp-json\/wp\/v2\/pages\/373\/revisions\/4657"}],"wp:featuredmedia":[{"embeddable":true,"href":"https:\/\/www.ceir.com\/it\/wp-json\/wp\/v2\/media\/1043"}],"wp:attachment":[{"href":"https:\/\/www.ceir.com\/it\/wp-json\/wp\/v2\/media?parent=373"}],"curies":[{"name":"wp","href":"https:\/\/api.w.org\/{rel}","templated":true}]}}