{"id":2722,"date":"2023-01-26T15:52:09","date_gmt":"2023-01-26T14:52:09","guid":{"rendered":"https:\/\/www.ceir.com\/?page_id=2722"},"modified":"2023-04-04T12:38:01","modified_gmt":"2023-04-04T10:38:01","slug":"anti-seismic-ceir","status":"publish","type":"page","link":"https:\/\/www.ceir.com\/it\/personalizzazioni\/anti-seismic-ceir\/","title":{"rendered":"Anti-Seismic CEIR"},"content":{"rendered":"<p>Il tema della sicurezza antisismica \u00e8 oggi centrale nella progettazione edilizia ed architettonica. Anche in seguito ad alcuni eventi catastrofici, nel corso degli ultimi 20 anni i legislatori hanno definito criteri di progettazione via via pi\u00f9 stringenti in questo ambito, che riguardano tanto gli elementi strutturali primari e secondari degli edifici, quanto gli elementi non strutturali, di cui fanno parte i controsoffitti.<\/p>\n<p>Non c\u2019\u00e8 dubbio infatti che la solidit\u00e0 e la stabilit\u00e0 del controsoffitto siano aspetti fondamentali per garantire la sicurezza in caso di sisma. Basti pensare alle conseguenze di un\u2019eventuale caduta, parziale o totale, del controsoffitto, che potrebbe causare danni materiali alla struttura, ostacolare le vie di fuga e mettere a rischio l\u2019incolumit\u00e0 delle persone che si trovano all\u2019interno dell\u2019edificio. Da sempre impegnata nello sviluppo di soluzioni architettoniche capaci di unire funzionalit\u00e0, design e sicurezza, CEIR ha progettato uno specifico kit per controsoffitti antisismici, Anti-Seismic CEIR.<\/p>\n<p>Questa soluzione pu\u00f2 essere applicata alla maggior parte dei prodotti presenti nel catalogo CEIR per assicurare la massima stabilit\u00e0 possibile del controsoffitto anche in presenza di sollecitazioni estreme come quelle provocate da un terremoto attraverso l\u2019applicazione di kit formato da controventature, pendinature e altri accessori. Oltre al rispetto di tutti i parametri previsti dalle normative vigenti, Anti-Seismic CEIR garantisce elevate performance tecniche e possibilit\u00e0 di personalizzazione a fronte di un\u2019estrema facilit\u00e0 di installazione. Caratteristiche, queste, che ne fanno un elemento indispensabile nei progetti di architectural design che prevedono l\u2019utilizzo di controsoffitti metallici all\u2019interno di grandi edifici ad uso pubblico &#8211; quali ospedali, scuole, palestre, stazioni e aeroporti, luoghi di lavoro e centri commerciali \u2013 e non solo.<\/p>\n","protected":false},"excerpt":{"rendered":"<p>Il tema della sicurezza antisismica \u00e8 oggi centrale nella progettazione edilizia ed architettonica. Anche in seguito ad alcuni eventi catastrofici, nel corso degli ultimi 20 anni i legislatori hanno definito criteri di progettazione via via pi\u00f9 stringenti in questo ambito, che riguardano tanto gli elementi strutturali primari e secondari degli edifici, quanto gli elementi non [&hellip;]<\/p>\n","protected":false},"author":1,"featured_media":2745,"parent":488,"menu_order":0,"comment_status":"closed","ping_status":"closed","template":"page-sistemi-antisismici.php","meta":{"inline_featured_image":false},"acf":[],"yoast_head":"<!-- This site is optimized with the Yoast SEO Premium plugin v18.6 (Yoast SEO v20.4) - https:\/\/yoast.com\/wordpress\/plugins\/seo\/ -->\n<title>Controsoffitto antisismico - Ceir<\/title>\n<meta name=\"description\" content=\"Controsoffitto antisismico: il sistema Delta Anti-Seismic e T24 Anti-seismic sono la soluzione per avere una prestazione sismica ideale.\" \/>\n<meta name=\"robots\" content=\"index, follow, max-snippet:-1, max-image-preview:large, max-video-preview:-1\" \/>\n<link rel=\"canonical\" href=\"https:\/\/www.ceir.com\/it\/personalizzazioni\/anti-seismic-ceir\/\" \/>\n<meta property=\"og:locale\" content=\"it_IT\" \/>\n<meta property=\"og:type\" content=\"article\" \/>\n<meta property=\"og:title\" content=\"Anti-Seismic CEIR\" \/>\n<meta property=\"og:description\" content=\"Controsoffitto antisismico: il sistema Delta Anti-Seismic e T24 Anti-seismic sono la soluzione per avere una prestazione sismica ideale.\" \/>\n<meta property=\"og:url\" content=\"https:\/\/www.ceir.com\/it\/personalizzazioni\/anti-seismic-ceir\/\" \/>\n<meta property=\"og:site_name\" content=\"Ceir\" \/>\n<meta property=\"article:modified_time\" content=\"2023-04-04T10:38:01+00:00\" \/>\n<meta property=\"og:image\" content=\"https:\/\/www.ceir.com\/wp-content\/uploads\/2023\/01\/144342339430607.jpg\" \/>\n\t<meta property=\"og:image:width\" content=\"800\" \/>\n\t<meta property=\"og:image:height\" content=\"533\" \/>\n\t<meta property=\"og:image:type\" content=\"image\/jpeg\" \/>\n<meta name=\"twitter:card\" content=\"summary_large_image\" \/>\n<meta name=\"twitter:label1\" content=\"Tempo di lettura stimato\" \/>\n\t<meta name=\"twitter:data1\" content=\"2 minuti\" \/>\n<script type=\"application\/ld+json\" class=\"yoast-schema-graph\">{\"@context\":\"https:\/\/schema.org\",\"@graph\":[{\"@type\":\"WebPage\",\"@id\":\"https:\/\/www.ceir.com\/it\/personalizzazioni\/anti-seismic-ceir\/\",\"url\":\"https:\/\/www.ceir.com\/it\/personalizzazioni\/anti-seismic-ceir\/\",\"name\":\"Controsoffitto antisismico - Ceir\",\"isPartOf\":{\"@id\":\"https:\/\/www.ceir.com\/it\/#website\"},\"datePublished\":\"2023-01-26T14:52:09+00:00\",\"dateModified\":\"2023-04-04T10:38:01+00:00\",\"description\":\"Controsoffitto antisismico: il sistema Delta Anti-Seismic e T24 Anti-seismic sono la soluzione per avere una prestazione sismica ideale.\",\"breadcrumb\":{\"@id\":\"https:\/\/www.ceir.com\/it\/personalizzazioni\/anti-seismic-ceir\/#breadcrumb\"},\"inLanguage\":\"it-IT\",\"potentialAction\":[{\"@type\":\"ReadAction\",\"target\":[\"https:\/\/www.ceir.com\/it\/personalizzazioni\/anti-seismic-ceir\/\"]}]},{\"@type\":\"BreadcrumbList\",\"@id\":\"https:\/\/www.ceir.com\/it\/personalizzazioni\/anti-seismic-ceir\/#breadcrumb\",\"itemListElement\":[{\"@type\":\"ListItem\",\"position\":1,\"name\":\"Home\",\"item\":\"https:\/\/www.ceir.com\/it\/\"},{\"@type\":\"ListItem\",\"position\":2,\"name\":\"Personalizzazioni\",\"item\":\"https:\/\/www.ceir.com\/it\/personalizzazioni\/\"},{\"@type\":\"ListItem\",\"position\":3,\"name\":\"Anti-Seismic CEIR\"}]},{\"@type\":\"WebSite\",\"@id\":\"https:\/\/www.ceir.com\/it\/#website\",\"url\":\"https:\/\/www.ceir.com\/it\/\",\"name\":\"Ceir\",\"description\":\"\",\"potentialAction\":[{\"@type\":\"SearchAction\",\"target\":{\"@type\":\"EntryPoint\",\"urlTemplate\":\"https:\/\/www.ceir.com\/it\/?s={search_term_string}\"},\"query-input\":\"required name=search_term_string\"}],\"inLanguage\":\"it-IT\"}]}<\/script>\n<!-- \/ Yoast SEO Premium plugin. -->","yoast_head_json":{"title":"Controsoffitto antisismico - Ceir","description":"Controsoffitto antisismico: il sistema Delta Anti-Seismic e T24 Anti-seismic sono la soluzione per avere una prestazione sismica ideale.","robots":{"index":"index","follow":"follow","max-snippet":"max-snippet:-1","max-image-preview":"max-image-preview:large","max-video-preview":"max-video-preview:-1"},"canonical":"https:\/\/www.ceir.com\/it\/personalizzazioni\/anti-seismic-ceir\/","og_locale":"it_IT","og_type":"article","og_title":"Anti-Seismic CEIR","og_description":"Controsoffitto antisismico: il sistema Delta Anti-Seismic e T24 Anti-seismic sono la soluzione per avere una prestazione sismica ideale.","og_url":"https:\/\/www.ceir.com\/it\/personalizzazioni\/anti-seismic-ceir\/","og_site_name":"Ceir","article_modified_time":"2023-04-04T10:38:01+00:00","og_image":[{"width":800,"height":533,"url":"https:\/\/www.ceir.com\/wp-content\/uploads\/2023\/01\/144342339430607.jpg","type":"image\/jpeg"}],"twitter_card":"summary_large_image","twitter_misc":{"Tempo di lettura stimato":"2 minuti"},"schema":{"@context":"https:\/\/schema.org","@graph":[{"@type":"WebPage","@id":"https:\/\/www.ceir.com\/it\/personalizzazioni\/anti-seismic-ceir\/","url":"https:\/\/www.ceir.com\/it\/personalizzazioni\/anti-seismic-ceir\/","name":"Controsoffitto antisismico - Ceir","isPartOf":{"@id":"https:\/\/www.ceir.com\/it\/#website"},"datePublished":"2023-01-26T14:52:09+00:00","dateModified":"2023-04-04T10:38:01+00:00","description":"Controsoffitto antisismico: il sistema Delta Anti-Seismic e T24 Anti-seismic sono la soluzione per avere una prestazione sismica ideale.","breadcrumb":{"@id":"https:\/\/www.ceir.com\/it\/personalizzazioni\/anti-seismic-ceir\/#breadcrumb"},"inLanguage":"it-IT","potentialAction":[{"@type":"ReadAction","target":["https:\/\/www.ceir.com\/it\/personalizzazioni\/anti-seismic-ceir\/"]}]},{"@type":"BreadcrumbList","@id":"https:\/\/www.ceir.com\/it\/personalizzazioni\/anti-seismic-ceir\/#breadcrumb","itemListElement":[{"@type":"ListItem","position":1,"name":"Home","item":"https:\/\/www.ceir.com\/it\/"},{"@type":"ListItem","position":2,"name":"Personalizzazioni","item":"https:\/\/www.ceir.com\/it\/personalizzazioni\/"},{"@type":"ListItem","position":3,"name":"Anti-Seismic CEIR"}]},{"@type":"WebSite","@id":"https:\/\/www.ceir.com\/it\/#website","url":"https:\/\/www.ceir.com\/it\/","name":"Ceir","description":"","potentialAction":[{"@type":"SearchAction","target":{"@type":"EntryPoint","urlTemplate":"https:\/\/www.ceir.com\/it\/?s={search_term_string}"},"query-input":"required name=search_term_string"}],"inLanguage":"it-IT"}]}},"_links":{"self":[{"href":"https:\/\/www.ceir.com\/it\/wp-json\/wp\/v2\/pages\/2722"}],"collection":[{"href":"https:\/\/www.ceir.com\/it\/wp-json\/wp\/v2\/pages"}],"about":[{"href":"https:\/\/www.ceir.com\/it\/wp-json\/wp\/v2\/types\/page"}],"author":[{"embeddable":true,"href":"https:\/\/www.ceir.com\/it\/wp-json\/wp\/v2\/users\/1"}],"replies":[{"embeddable":true,"href":"https:\/\/www.ceir.com\/it\/wp-json\/wp\/v2\/comments?post=2722"}],"version-history":[{"count":7,"href":"https:\/\/www.ceir.com\/it\/wp-json\/wp\/v2\/pages\/2722\/revisions"}],"predecessor-version":[{"id":2754,"href":"https:\/\/www.ceir.com\/it\/wp-json\/wp\/v2\/pages\/2722\/revisions\/2754"}],"up":[{"embeddable":true,"href":"https:\/\/www.ceir.com\/it\/wp-json\/wp\/v2\/pages\/488"}],"wp:featuredmedia":[{"embeddable":true,"href":"https:\/\/www.ceir.com\/it\/wp-json\/wp\/v2\/media\/2745"}],"wp:attachment":[{"href":"https:\/\/www.ceir.com\/it\/wp-json\/wp\/v2\/media?parent=2722"}],"curies":[{"name":"wp","href":"https:\/\/api.w.org\/{rel}","templated":true}]}}